{"id":1883,"date":"2015-07-13T20:02:50","date_gmt":"2015-07-13T18:02:50","guid":{"rendered":"https:\/\/www.myskicoach.ch\/freeride-ski-hors-piste\/"},"modified":"2019-08-11T10:27:59","modified_gmt":"2019-08-11T08:27:59","slug":"freeride-ski-hors-piste","status":"publish","type":"page","link":"https:\/\/www.myskicoach.ch\/en\/freeride-ski-hors-piste\/","title":{"rendered":"Freeride"},"content":{"rendered":"<p style=\"text-align: justify;\">Hire a swiss ski insructor to discover the off-piste in the resort of your choice and learn how to behave to maximize safety. Your next off-piste descents are pure fun !\u00a0<span lang=\"en\" tabindex=\"0\">MYSKICOACH.CH offers you a selection of destinations perfectly adapted to the practice of off-piste skiing, according to your level and desires <\/span>:<\/p>\n<pre><div class=\"toggle_holder\"><h3 class=\"slide_toggle\"><a href=\"#\">Freeride val d'H\u00e9rens<\/a><\/h3>\n\t\t\t\t\t<div class=\"slide_toggle_content\"><p>A picture-postcard of traditional villages and superb glacier-clad mountains like the Matterhorn and the Dent Blanche, the Val d\u2019H\u00e9rens is worlds apart from the enormous ski-factory resorts that have squeezed nature out in other areas of the Alps. Here, nature is enormous, inviting, and largely untouched.<\/p>\n<pre><a href=\"\/en\/freeride-ski-hors-piste\/freeride-val-dherens-arolla-evolene-forclaz-nax-thyon\/\" target=\"_blank\" rel=\"noopener noreferrer\"><strong>Freeride VAL D'HERENS<\/strong> - Arolla-Evol\u00e8ne-La Forclaz-Nax-Thyon 4 Vall\u00e9es<\/a><\/p>\n<\/div><\/div>\n<div class=\"toggle_holder\"><h3 class=\"slide_toggle\"><a href=\"#\">Freeride Haut-Valais<\/a><\/h3>\n\t\t\t\t\t<div class=\"slide_toggle_content\"><pre>One hour driving from Sion, we can often find great snow conditions in the Upper Valais. A shift to Oberwallis is deserved and the trip is always rewarded with some treasures : Rothwald \/ Simplon Buerchen , Belalp , Lauchernalp\u2026Freeride Upper Valais\/Oberwallis : So many wild and unknown resorts, free spaces and snow conditions influenced by south streams. Contact us for more information\u2026<\/pre>\n<pre><a href=\"\/en\/freeride-ski-hors-piste\/freeride-haut-valais-oberwallis-lauchernalp-rothwald-belalp\/\" target=\"_blank\" rel=\"noopener noreferrer\"><strong>Freeride HAUT-VALAIS<\/strong> - Belalp-B\u00fcrchen-Rothwald-Lauchernalp-Saas Grund,etc...<\/a><\/p>\n<\/div><\/div>\n<div class=\"toggle_holder\"><h3 class=\"slide_toggle\"><a href=\"#\">Freeride Monte-Rosa<\/a><\/h3>\n\t\t\t\t\t<div class=\"slide_toggle_content\"><pre>Two days of freeride on the southern side of the Mount Rose. The 3 Valleys of Champoluc, Gressoney and Alagna \u2013 Valsesia are connected by a single line of lifts that provide access to infinite combinations of off-piste starting direcly from the lifts or with a small ascent with skins. Beyond one of the most beautiful off-piste terrain in Europe in an incomparable landscape (Matterhorn and Monte Rosa), the warm welcome and superb Italian cuisine of the Aosta Valley will enchant you. We will stay in Gressoney -la-Trinite ( Staffal )<\/pre>\n<pre><a href=\"https:\/\/www.myskicoach.ch\/en\/freeride-ski-hors-piste\/freeride-monte-rosa-gressoney-alagna\/\" target=\"_blank\" rel=\"noopener noreferrer\"><strong>Freeride MONTE-ROSA<\/strong> - Alagna-Gressoney-Champoluc<\/a><\/p>\n<\/div><\/div>\n<div class=\"toggle_holder\"><h3 class=\"slide_toggle\"><a href=\"#\">Freeride val d'Is\u00e8re<\/a><\/h3>\n\t\t\t\t\t<div class=\"slide_toggle_content\"><pre>If we had to choose a ski resort, val d\u2019Is\u00e8re would certainly be the one. This small savoyard isolated village has become one of the biggest skiresort in the world. It\u2019s a top destination, but not only \u2026 Freeride val d\u2019Is\u00e8re-Tignes-Espace Killy area is huge and very varied served by an impressive density of lifts. No need for precise timing or perfect weather, Espace Killy is the high mountain accessible to all. In a word, freedom \u2026<\/pre>\n<pre><a href=\"https:\/\/www.myskicoach.ch\/en\/freeride-ski-hors-piste\/freeride-val-disere-tignes\/\" target=\"_blank\" rel=\"noopener noreferrer\"><strong>Freeride VAL D'ISERE<\/strong> - val d'Is\u00e8re-Tignes-Ste Foy Tarentaise<\/a><\/p>\n<\/div><\/div><\/pre>\n","protected":false},"excerpt":{"rendered":"<p>Hire a swiss ski insructor to discover the off-piste in the resort of your choice and learn how to behave to maximize safety. Your next off-piste descents are pure fun&#8230; <\/p>\n","protected":false},"author":1,"featured_media":0,"parent":0,"menu_order":0,"comment_status":"open","ping_status":"open","template":"custom-page-primary.php","meta":{"_price":"","_stock":"","_tribe_ticket_header":"","_tribe_default_ticket_provider":"","_tribe_ticket_capacity":"0","_ticket_start_date":"","_ticket_end_date":"","_tribe_ticket_show_description":"","_tribe_ticket_show_not_going":false,"_tribe_ticket_use_global_stock":"","_tribe_ticket_global_stock_level":"","_global_stock_mode":"","_global_stock_cap":"","_tribe_rsvp_for_event":"","_tribe_ticket_going_count":"","_tribe_ticket_not_going_count":"","_tribe_tickets_list":"[]","_tribe_ticket_has_attendee_info_fields":false,"footnotes":""},"class_list":["post-1883","page","type-page","status-publish","hentry"],"yoast_head":"<!-- This site is optimized with the Yoast SEO plugin v27.2 - https:\/\/yoast.com\/product\/yoast-seo-wordpress\/ -->\n<title>freeride-ski-hors-piste - Freeride %<\/title>\n<meta name=\"description\" content=\"MYSKICOACH.CH vous propose une s\u00e9lection de destinations parfaitement adapt\u00e9es \u00e0 la pratique du freeride \/ ski\u00a0hors-piste de niveau novice \u00e0 interm\u00e9daire\" \/>\n<meta name=\"robots\" content=\"index, follow, max-snippet:-1, max-image-preview:large, max-video-preview:-1\" \/>\n<link rel=\"canonical\" href=\"https:\/\/www.myskicoach.ch\/en\/freeride-ski-hors-piste\/\" \/>\n<meta property=\"og:locale\" content=\"en_US\" \/>\n<meta property=\"og:type\" content=\"article\" \/>\n<meta property=\"og:title\" content=\"freeride-ski-hors-piste - Freeride %\" \/>\n<meta property=\"og:description\" content=\"MYSKICOACH.CH vous propose une s\u00e9lection de destinations parfaitement adapt\u00e9es \u00e0 la pratique du freeride \/ ski\u00a0hors-piste de niveau novice \u00e0 interm\u00e9daire\" \/>\n<meta property=\"og:url\" content=\"https:\/\/www.myskicoach.ch\/en\/freeride-ski-hors-piste\/\" \/>\n<meta property=\"og:site_name\" content=\"MySkiCoach.ch \u00ae Valais Suisse | Ski &#038;#038;amp; Freeride coach | Cours avalanche\" \/>\n<meta property=\"article:modified_time\" content=\"2019-08-11T08:27:59+00:00\" \/>\n<meta property=\"og:image\" content=\"https:\/\/www.myskicoach.ch\/wp-content\/uploads\/2015\/07\/Logo_Rectangle_petit.jpg\" \/>\n\t<meta property=\"og:image:width\" content=\"375\" \/>\n\t<meta property=\"og:image:height\" content=\"90\" \/>\n\t<meta property=\"og:image:type\" content=\"image\/jpeg\" \/>\n<meta name=\"twitter:card\" content=\"summary_large_image\" \/>\n<meta name=\"twitter:label1\" content=\"Est. reading time\" \/>\n\t<meta name=\"twitter:data1\" content=\"2 minutes\" \/>\n<script type=\"application\/ld+json\" class=\"yoast-schema-graph\">{\"@context\":\"https:\/\/schema.org\",\"@graph\":[{\"@type\":\"WebPage\",\"@id\":\"https:\/\/www.myskicoach.ch\/en\/freeride-ski-hors-piste\/\",\"url\":\"https:\/\/www.myskicoach.ch\/en\/freeride-ski-hors-piste\/\",\"name\":\"freeride-ski-hors-piste - Freeride %\",\"isPartOf\":{\"@id\":\"https:\/\/www.myskicoach.ch\/en\/#website\"},\"datePublished\":\"2015-07-13T18:02:50+00:00\",\"dateModified\":\"2019-08-11T08:27:59+00:00\",\"description\":\"MYSKICOACH.CH vous propose une s\u00e9lection de destinations parfaitement adapt\u00e9es \u00e0 la pratique du freeride \/ ski\u00a0hors-piste de niveau novice \u00e0 interm\u00e9daire\",\"breadcrumb\":{\"@id\":\"https:\/\/www.myskicoach.ch\/en\/freeride-ski-hors-piste\/#breadcrumb\"},\"inLanguage\":\"en-US\",\"potentialAction\":[{\"@type\":\"ReadAction\",\"target\":[\"https:\/\/www.myskicoach.ch\/en\/freeride-ski-hors-piste\/\"]}]},{\"@type\":\"BreadcrumbList\",\"@id\":\"https:\/\/www.myskicoach.ch\/en\/freeride-ski-hors-piste\/#breadcrumb\",\"itemListElement\":[{\"@type\":\"ListItem\",\"position\":1,\"name\":\"Accueil\",\"item\":\"https:\/\/www.myskicoach.ch\/en\/\"},{\"@type\":\"ListItem\",\"position\":2,\"name\":\"Freeride\"}]},{\"@type\":\"WebSite\",\"@id\":\"https:\/\/www.myskicoach.ch\/en\/#website\",\"url\":\"https:\/\/www.myskicoach.ch\/en\/\",\"name\":\"MySkiCoach.ch \u00ae Valais Suisse | Ski &#038;#038;amp; Freeride coach | Cours avalanche\",\"description\":\"\",\"publisher\":{\"@id\":\"https:\/\/www.myskicoach.ch\/en\/#\/schema\/person\/4a773121b64991496410fcc47df57698\"},\"potentialAction\":[{\"@type\":\"SearchAction\",\"target\":{\"@type\":\"EntryPoint\",\"urlTemplate\":\"https:\/\/www.myskicoach.ch\/en\/?s={search_term_string}\"},\"query-input\":{\"@type\":\"PropertyValueSpecification\",\"valueRequired\":true,\"valueName\":\"search_term_string\"}}],\"inLanguage\":\"en-US\"},{\"@type\":[\"Person\",\"Organization\"],\"@id\":\"https:\/\/www.myskicoach.ch\/en\/#\/schema\/person\/4a773121b64991496410fcc47df57698\",\"name\":\"myskicoach\",\"image\":{\"@type\":\"ImageObject\",\"inLanguage\":\"en-US\",\"@id\":\"https:\/\/www.myskicoach.ch\/wp-content\/uploads\/2017\/04\/MySkiCoach.ch\u00ae-SkiFreeride.jpg\",\"url\":\"https:\/\/www.myskicoach.ch\/wp-content\/uploads\/2017\/04\/MySkiCoach.ch\u00ae-SkiFreeride.jpg\",\"contentUrl\":\"https:\/\/www.myskicoach.ch\/wp-content\/uploads\/2017\/04\/MySkiCoach.ch\u00ae-SkiFreeride.jpg\",\"width\":1500,\"height\":360,\"caption\":\"myskicoach\"},\"logo\":{\"@id\":\"https:\/\/www.myskicoach.ch\/wp-content\/uploads\/2017\/04\/MySkiCoach.ch\u00ae-SkiFreeride.jpg\"}}]}<\/script>\n<!-- \/ Yoast SEO plugin. -->","yoast_head_json":{"title":"freeride-ski-hors-piste - Freeride %","description":"MYSKICOACH.CH vous propose une s\u00e9lection de destinations parfaitement adapt\u00e9es \u00e0 la pratique du freeride \/ ski\u00a0hors-piste de niveau novice \u00e0 interm\u00e9daire","robots":{"index":"index","follow":"follow","max-snippet":"max-snippet:-1","max-image-preview":"max-image-preview:large","max-video-preview":"max-video-preview:-1"},"canonical":"https:\/\/www.myskicoach.ch\/en\/freeride-ski-hors-piste\/","og_locale":"en_US","og_type":"article","og_title":"freeride-ski-hors-piste - Freeride %","og_description":"MYSKICOACH.CH vous propose une s\u00e9lection de destinations parfaitement adapt\u00e9es \u00e0 la pratique du freeride \/ ski\u00a0hors-piste de niveau novice \u00e0 interm\u00e9daire","og_url":"https:\/\/www.myskicoach.ch\/en\/freeride-ski-hors-piste\/","og_site_name":"MySkiCoach.ch \u00ae Valais Suisse | Ski &#038;#038;amp; Freeride coach | Cours avalanche","article_modified_time":"2019-08-11T08:27:59+00:00","og_image":[{"width":375,"height":90,"url":"https:\/\/www.myskicoach.ch\/wp-content\/uploads\/2015\/07\/Logo_Rectangle_petit.jpg","type":"image\/jpeg"}],"twitter_card":"summary_large_image","twitter_misc":{"Est. reading time":"2 minutes"},"schema":{"@context":"https:\/\/schema.org","@graph":[{"@type":"WebPage","@id":"https:\/\/www.myskicoach.ch\/en\/freeride-ski-hors-piste\/","url":"https:\/\/www.myskicoach.ch\/en\/freeride-ski-hors-piste\/","name":"freeride-ski-hors-piste - Freeride %","isPartOf":{"@id":"https:\/\/www.myskicoach.ch\/en\/#website"},"datePublished":"2015-07-13T18:02:50+00:00","dateModified":"2019-08-11T08:27:59+00:00","description":"MYSKICOACH.CH vous propose une s\u00e9lection de destinations parfaitement adapt\u00e9es \u00e0 la pratique du freeride \/ ski\u00a0hors-piste de niveau novice \u00e0 interm\u00e9daire","breadcrumb":{"@id":"https:\/\/www.myskicoach.ch\/en\/freeride-ski-hors-piste\/#breadcrumb"},"inLanguage":"en-US","potentialAction":[{"@type":"ReadAction","target":["https:\/\/www.myskicoach.ch\/en\/freeride-ski-hors-piste\/"]}]},{"@type":"BreadcrumbList","@id":"https:\/\/www.myskicoach.ch\/en\/freeride-ski-hors-piste\/#breadcrumb","itemListElement":[{"@type":"ListItem","position":1,"name":"Accueil","item":"https:\/\/www.myskicoach.ch\/en\/"},{"@type":"ListItem","position":2,"name":"Freeride"}]},{"@type":"WebSite","@id":"https:\/\/www.myskicoach.ch\/en\/#website","url":"https:\/\/www.myskicoach.ch\/en\/","name":"MySkiCoach.ch \u00ae Valais Suisse | Ski &#038;#038;amp; Freeride coach | Cours avalanche","description":"","publisher":{"@id":"https:\/\/www.myskicoach.ch\/en\/#\/schema\/person\/4a773121b64991496410fcc47df57698"},"potentialAction":[{"@type":"SearchAction","target":{"@type":"EntryPoint","urlTemplate":"https:\/\/www.myskicoach.ch\/en\/?s={search_term_string}"},"query-input":{"@type":"PropertyValueSpecification","valueRequired":true,"valueName":"search_term_string"}}],"inLanguage":"en-US"},{"@type":["Person","Organization"],"@id":"https:\/\/www.myskicoach.ch\/en\/#\/schema\/person\/4a773121b64991496410fcc47df57698","name":"myskicoach","image":{"@type":"ImageObject","inLanguage":"en-US","@id":"https:\/\/www.myskicoach.ch\/wp-content\/uploads\/2017\/04\/MySkiCoach.ch\u00ae-SkiFreeride.jpg","url":"https:\/\/www.myskicoach.ch\/wp-content\/uploads\/2017\/04\/MySkiCoach.ch\u00ae-SkiFreeride.jpg","contentUrl":"https:\/\/www.myskicoach.ch\/wp-content\/uploads\/2017\/04\/MySkiCoach.ch\u00ae-SkiFreeride.jpg","width":1500,"height":360,"caption":"myskicoach"},"logo":{"@id":"https:\/\/www.myskicoach.ch\/wp-content\/uploads\/2017\/04\/MySkiCoach.ch\u00ae-SkiFreeride.jpg"}}]}},"_links":{"self":[{"href":"https:\/\/www.myskicoach.ch\/en\/wp-json\/wp\/v2\/pages\/1883","targetHints":{"allow":["GET"]}}],"collection":[{"href":"https:\/\/www.myskicoach.ch\/en\/wp-json\/wp\/v2\/pages"}],"about":[{"href":"https:\/\/www.myskicoach.ch\/en\/wp-json\/wp\/v2\/types\/page"}],"author":[{"embeddable":true,"href":"https:\/\/www.myskicoach.ch\/en\/wp-json\/wp\/v2\/users\/1"}],"replies":[{"embeddable":true,"href":"https:\/\/www.myskicoach.ch\/en\/wp-json\/wp\/v2\/comments?post=1883"}],"version-history":[{"count":5,"href":"https:\/\/www.myskicoach.ch\/en\/wp-json\/wp\/v2\/pages\/1883\/revisions"}],"predecessor-version":[{"id":3237,"href":"https:\/\/www.myskicoach.ch\/en\/wp-json\/wp\/v2\/pages\/1883\/revisions\/3237"}],"wp:attachment":[{"href":"https:\/\/www.myskicoach.ch\/en\/wp-json\/wp\/v2\/media?parent=1883"}],"curies":[{"name":"wp","href":"https:\/\/api.w.org\/{rel}","templated":true}]}}