{"id":1866,"date":"2015-08-07T15:09:03","date_gmt":"2015-08-07T13:09:03","guid":{"rendered":"https:\/\/www.myskicoach.ch\/cours-de-ski-prive-private-ski-lesson-valais\/ski-coaching-video-valais\/"},"modified":"2021-06-13T08:31:36","modified_gmt":"2021-06-13T06:31:36","slug":"ski-coaching-video-private-ski-lesson-in-valais","status":"publish","type":"page","link":"https:\/\/www.myskicoach.ch\/en\/cours-de-ski-prive-private-ski-lesson-valais\/ski-coaching-video-private-ski-lesson-in-valais\/","title":{"rendered":"Ski Coaching Video | Private ski lesson in Valais"},"content":{"rendered":"<p><img loading=\"lazy\" decoding=\"async\" class=\"size-medium wp-image-1867\" src=\"https:\/\/www.myskicoach.ch\/wp-content\/uploads\/2016\/09\/freeride_correction_video-300x225.jpg\" alt=\"Ski Coaching Video\" width=\"300\" height=\"225\" srcset=\"https:\/\/www.myskicoach.ch\/wp-content\/uploads\/2016\/09\/freeride_correction_video-300x225.jpg 300w, https:\/\/www.myskicoach.ch\/wp-content\/uploads\/2016\/09\/freeride_correction_video-600x450.jpg 600w, https:\/\/www.myskicoach.ch\/wp-content\/uploads\/2016\/09\/freeride_correction_video-768x576.jpg 768w, https:\/\/www.myskicoach.ch\/wp-content\/uploads\/2016\/09\/freeride_correction_video.jpg 800w\" sizes=\"auto, (max-width: 300px) 100vw, 300px\" \/><\/p>\n<h2>Ski Coaching Video<\/h2>\n<h3>You want to progress on piste or off-piste. Nothing like our video coaching and instant feedback on screen to get there. The use of video and playback on tablets using specialized software gives a new dimension to the ski instruction&nbsp;by appealing to all the senses.<\/h3>\n<p>In our teaching, we prefer the pleasure without concession. No more exercises withoud&nbsp;ending. We give priority to<strong> learning by doing<\/strong> and the <strong>80\/20 method<\/strong>. The multi-media resources allows the use all our senses and develop our perception.<\/p>\n<p>Central Valais is our favourite playground : 4 Valleys (Thyon, Veysonnaz, Nendaz, Verbier), Crans-Montana, Anz\u00e8re, Anniviers Valley (Grimentz-Zinal,St Luc-Chandolin,Vercorin), H\u00e9rens Valley (Nax,Arolla,Evol\u00e8ne,La Forclaz), Anz\u00e8re, etc. However, we will be glad to join you in the Valais&#8217; ski resort of your choice or according to the snow conditions of the day.<\/p>\n<p><strong>La m\u00e9thode 80\/20 (Pareto principle) : <\/strong> that states, for many events, roughly 80% of the effects come from 20% of the causes. We apply this principle in our ski coaching by focusing only on the essential notions.<\/p>\n<h3>We tailor our teaching to your custom level and&nbsp;your body type: <strong>coaching for adolescents \/ coaching for ladies \/ coaching for seniors , etc &#8230;<\/strong><\/h3>\n<p><strong>From&nbsp;CHF 400.00 &#8211; <a href=\"https:\/\/www.myskicoach.ch\/en\/tarifs_conditions_generales\/\" target=\"_blank\" rel=\"noopener noreferrer\">Rates &amp; Conditions<\/a><\/strong><\/p>\n<p>This course could also interest you :<br \/>\n<a href=\"https:\/\/www.myskicoach.ch\/en\/cours-de-ski-prive-private-ski-lesson-valais\/cours-prive-de-ski-carving-en-valais\/\">Ski coaching vid\u00e9o<\/a><\/p>\n","protected":false},"excerpt":{"rendered":"<p>Ski Coaching Video You want to progress on piste or off-piste. Nothing like our video coaching and instant feedback on screen to get there. The use of video and playback&#8230; <\/p>\n","protected":false},"author":1,"featured_media":0,"parent":1863,"menu_order":0,"comment_status":"closed","ping_status":"open","template":"custom-page.php","meta":{"_price":"","_stock":"","_tribe_ticket_header":"","_tribe_default_ticket_provider":"","_tribe_ticket_capacity":"0","_ticket_start_date":"","_ticket_end_date":"","_tribe_ticket_show_description":"","_tribe_ticket_show_not_going":false,"_tribe_ticket_use_global_stock":"","_tribe_ticket_global_stock_level":"","_global_stock_mode":"","_global_stock_cap":"","_tribe_rsvp_for_event":"","_tribe_ticket_going_count":"","_tribe_ticket_not_going_count":"","_tribe_tickets_list":"[]","_tribe_ticket_has_attendee_info_fields":false,"footnotes":""},"class_list":["post-1866","page","type-page","status-publish","hentry"],"yoast_head":"<!-- This site is optimized with the Yoast SEO plugin v27.2 - https:\/\/yoast.com\/product\/yoast-seo-wordpress\/ -->\n<title>Ski Coaching Video | Private ski lesson in Valais - MySkiCoach.ch \u00ae Valais Suisse | Ski &#038;#038;amp; Freeride coach | Cours avalanche<\/title>\n<meta name=\"description\" content=\"\u2714\ufe0fIn our ski coaching video teaching, we prefer the pleasure without concession. \u2714\ufe0fNo more exercises withoud\u00a0ending. \u2764\ufe0f\" \/>\n<meta name=\"robots\" content=\"index, follow, max-snippet:-1, max-image-preview:large, max-video-preview:-1\" \/>\n<link rel=\"canonical\" href=\"https:\/\/www.myskicoach.ch\/en\/cours-de-ski-prive-private-ski-lesson-valais\/ski-coaching-video-private-ski-lesson-in-valais\/\" \/>\n<meta property=\"og:locale\" content=\"en_US\" \/>\n<meta property=\"og:type\" content=\"article\" \/>\n<meta property=\"og:title\" content=\"Ski Coaching Video | Private ski lesson in Valais - MySkiCoach.ch \u00ae Valais Suisse | Ski &#038;#038;amp; Freeride coach | Cours avalanche\" \/>\n<meta property=\"og:description\" content=\"\u2714\ufe0fIn our ski coaching video teaching, we prefer the pleasure without concession. \u2714\ufe0fNo more exercises withoud\u00a0ending. \u2764\ufe0f\" \/>\n<meta property=\"og:url\" content=\"https:\/\/www.myskicoach.ch\/en\/cours-de-ski-prive-private-ski-lesson-valais\/ski-coaching-video-private-ski-lesson-in-valais\/\" \/>\n<meta property=\"og:site_name\" content=\"MySkiCoach.ch \u00ae Valais Suisse | Ski &#038;#038;amp; Freeride coach | Cours avalanche\" \/>\n<meta property=\"article:modified_time\" content=\"2021-06-13T06:31:36+00:00\" \/>\n<meta property=\"og:image\" content=\"https:\/\/www.myskicoach.ch\/wp-content\/uploads\/2016\/09\/freeride_correction_video-300x225.jpg\" \/>\n<meta name=\"twitter:card\" content=\"summary_large_image\" \/>\n<meta name=\"twitter:label1\" content=\"Est. reading time\" \/>\n\t<meta name=\"twitter:data1\" content=\"2 minutes\" \/>\n<script type=\"application\/ld+json\" class=\"yoast-schema-graph\">{\"@context\":\"https:\/\/schema.org\",\"@graph\":[{\"@type\":\"WebPage\",\"@id\":\"https:\/\/www.myskicoach.ch\/en\/cours-de-ski-prive-private-ski-lesson-valais\/ski-coaching-video-private-ski-lesson-in-valais\/\",\"url\":\"https:\/\/www.myskicoach.ch\/en\/cours-de-ski-prive-private-ski-lesson-valais\/ski-coaching-video-private-ski-lesson-in-valais\/\",\"name\":\"Ski Coaching Video | Private ski lesson in Valais - MySkiCoach.ch \u00ae Valais Suisse | Ski &#038;#038;amp; Freeride coach | Cours avalanche\",\"isPartOf\":{\"@id\":\"https:\/\/www.myskicoach.ch\/en\/#website\"},\"primaryImageOfPage\":{\"@id\":\"https:\/\/www.myskicoach.ch\/en\/cours-de-ski-prive-private-ski-lesson-valais\/ski-coaching-video-private-ski-lesson-in-valais\/#primaryimage\"},\"image\":{\"@id\":\"https:\/\/www.myskicoach.ch\/en\/cours-de-ski-prive-private-ski-lesson-valais\/ski-coaching-video-private-ski-lesson-in-valais\/#primaryimage\"},\"thumbnailUrl\":\"https:\/\/www.myskicoach.ch\/wp-content\/uploads\/2016\/09\/freeride_correction_video-300x225.jpg\",\"datePublished\":\"2015-08-07T13:09:03+00:00\",\"dateModified\":\"2021-06-13T06:31:36+00:00\",\"description\":\"\u2714\ufe0fIn our ski coaching video teaching, we prefer the pleasure without concession. \u2714\ufe0fNo more exercises withoud\u00a0ending. \u2764\ufe0f\",\"breadcrumb\":{\"@id\":\"https:\/\/www.myskicoach.ch\/en\/cours-de-ski-prive-private-ski-lesson-valais\/ski-coaching-video-private-ski-lesson-in-valais\/#breadcrumb\"},\"inLanguage\":\"en-US\",\"potentialAction\":[{\"@type\":\"ReadAction\",\"target\":[\"https:\/\/www.myskicoach.ch\/en\/cours-de-ski-prive-private-ski-lesson-valais\/ski-coaching-video-private-ski-lesson-in-valais\/\"]}]},{\"@type\":\"ImageObject\",\"inLanguage\":\"en-US\",\"@id\":\"https:\/\/www.myskicoach.ch\/en\/cours-de-ski-prive-private-ski-lesson-valais\/ski-coaching-video-private-ski-lesson-in-valais\/#primaryimage\",\"url\":\"https:\/\/www.myskicoach.ch\/wp-content\/uploads\/2016\/09\/freeride_correction_video-300x225.jpg\",\"contentUrl\":\"https:\/\/www.myskicoach.ch\/wp-content\/uploads\/2016\/09\/freeride_correction_video-300x225.jpg\"},{\"@type\":\"BreadcrumbList\",\"@id\":\"https:\/\/www.myskicoach.ch\/en\/cours-de-ski-prive-private-ski-lesson-valais\/ski-coaching-video-private-ski-lesson-in-valais\/#breadcrumb\",\"itemListElement\":[{\"@type\":\"ListItem\",\"position\":1,\"name\":\"Accueil\",\"item\":\"https:\/\/www.myskicoach.ch\/en\/\"},{\"@type\":\"ListItem\",\"position\":2,\"name\":\"Private ski lessons in Valais\",\"item\":\"https:\/\/www.myskicoach.ch\/en\/cours-de-ski-prive-private-ski-lesson-valais\/\"},{\"@type\":\"ListItem\",\"position\":3,\"name\":\"Ski Coaching Video | Private ski lesson in Valais\"}]},{\"@type\":\"WebSite\",\"@id\":\"https:\/\/www.myskicoach.ch\/en\/#website\",\"url\":\"https:\/\/www.myskicoach.ch\/en\/\",\"name\":\"MySkiCoach.ch \u00ae Valais Suisse | Ski &#038;#038;amp; Freeride coach | Cours avalanche\",\"description\":\"\",\"publisher\":{\"@id\":\"https:\/\/www.myskicoach.ch\/en\/#\/schema\/person\/4a773121b64991496410fcc47df57698\"},\"potentialAction\":[{\"@type\":\"SearchAction\",\"target\":{\"@type\":\"EntryPoint\",\"urlTemplate\":\"https:\/\/www.myskicoach.ch\/en\/?s={search_term_string}\"},\"query-input\":{\"@type\":\"PropertyValueSpecification\",\"valueRequired\":true,\"valueName\":\"search_term_string\"}}],\"inLanguage\":\"en-US\"},{\"@type\":[\"Person\",\"Organization\"],\"@id\":\"https:\/\/www.myskicoach.ch\/en\/#\/schema\/person\/4a773121b64991496410fcc47df57698\",\"name\":\"myskicoach\",\"image\":{\"@type\":\"ImageObject\",\"inLanguage\":\"en-US\",\"@id\":\"https:\/\/www.myskicoach.ch\/wp-content\/uploads\/2017\/04\/MySkiCoach.ch\u00ae-SkiFreeride.jpg\",\"url\":\"https:\/\/www.myskicoach.ch\/wp-content\/uploads\/2017\/04\/MySkiCoach.ch\u00ae-SkiFreeride.jpg\",\"contentUrl\":\"https:\/\/www.myskicoach.ch\/wp-content\/uploads\/2017\/04\/MySkiCoach.ch\u00ae-SkiFreeride.jpg\",\"width\":1500,\"height\":360,\"caption\":\"myskicoach\"},\"logo\":{\"@id\":\"https:\/\/www.myskicoach.ch\/wp-content\/uploads\/2017\/04\/MySkiCoach.ch\u00ae-SkiFreeride.jpg\"}}]}<\/script>\n<!-- \/ Yoast SEO plugin. -->","yoast_head_json":{"title":"Ski Coaching Video | Private ski lesson in Valais - MySkiCoach.ch \u00ae Valais Suisse | Ski &#038;#038;amp; Freeride coach | Cours avalanche","description":"\u2714\ufe0fIn our ski coaching video teaching, we prefer the pleasure without concession. \u2714\ufe0fNo more exercises withoud\u00a0ending. \u2764\ufe0f","robots":{"index":"index","follow":"follow","max-snippet":"max-snippet:-1","max-image-preview":"max-image-preview:large","max-video-preview":"max-video-preview:-1"},"canonical":"https:\/\/www.myskicoach.ch\/en\/cours-de-ski-prive-private-ski-lesson-valais\/ski-coaching-video-private-ski-lesson-in-valais\/","og_locale":"en_US","og_type":"article","og_title":"Ski Coaching Video | Private ski lesson in Valais - MySkiCoach.ch \u00ae Valais Suisse | Ski &#038;#038;amp; Freeride coach | Cours avalanche","og_description":"\u2714\ufe0fIn our ski coaching video teaching, we prefer the pleasure without concession. \u2714\ufe0fNo more exercises withoud\u00a0ending. \u2764\ufe0f","og_url":"https:\/\/www.myskicoach.ch\/en\/cours-de-ski-prive-private-ski-lesson-valais\/ski-coaching-video-private-ski-lesson-in-valais\/","og_site_name":"MySkiCoach.ch \u00ae Valais Suisse | Ski &#038;#038;amp; Freeride coach | Cours avalanche","article_modified_time":"2021-06-13T06:31:36+00:00","og_image":[{"url":"https:\/\/www.myskicoach.ch\/wp-content\/uploads\/2016\/09\/freeride_correction_video-300x225.jpg","type":"","width":"","height":""}],"twitter_card":"summary_large_image","twitter_misc":{"Est. reading time":"2 minutes"},"schema":{"@context":"https:\/\/schema.org","@graph":[{"@type":"WebPage","@id":"https:\/\/www.myskicoach.ch\/en\/cours-de-ski-prive-private-ski-lesson-valais\/ski-coaching-video-private-ski-lesson-in-valais\/","url":"https:\/\/www.myskicoach.ch\/en\/cours-de-ski-prive-private-ski-lesson-valais\/ski-coaching-video-private-ski-lesson-in-valais\/","name":"Ski Coaching Video | Private ski lesson in Valais - MySkiCoach.ch \u00ae Valais Suisse | Ski &#038;#038;amp; Freeride coach | Cours avalanche","isPartOf":{"@id":"https:\/\/www.myskicoach.ch\/en\/#website"},"primaryImageOfPage":{"@id":"https:\/\/www.myskicoach.ch\/en\/cours-de-ski-prive-private-ski-lesson-valais\/ski-coaching-video-private-ski-lesson-in-valais\/#primaryimage"},"image":{"@id":"https:\/\/www.myskicoach.ch\/en\/cours-de-ski-prive-private-ski-lesson-valais\/ski-coaching-video-private-ski-lesson-in-valais\/#primaryimage"},"thumbnailUrl":"https:\/\/www.myskicoach.ch\/wp-content\/uploads\/2016\/09\/freeride_correction_video-300x225.jpg","datePublished":"2015-08-07T13:09:03+00:00","dateModified":"2021-06-13T06:31:36+00:00","description":"\u2714\ufe0fIn our ski coaching video teaching, we prefer the pleasure without concession. \u2714\ufe0fNo more exercises withoud\u00a0ending. \u2764\ufe0f","breadcrumb":{"@id":"https:\/\/www.myskicoach.ch\/en\/cours-de-ski-prive-private-ski-lesson-valais\/ski-coaching-video-private-ski-lesson-in-valais\/#breadcrumb"},"inLanguage":"en-US","potentialAction":[{"@type":"ReadAction","target":["https:\/\/www.myskicoach.ch\/en\/cours-de-ski-prive-private-ski-lesson-valais\/ski-coaching-video-private-ski-lesson-in-valais\/"]}]},{"@type":"ImageObject","inLanguage":"en-US","@id":"https:\/\/www.myskicoach.ch\/en\/cours-de-ski-prive-private-ski-lesson-valais\/ski-coaching-video-private-ski-lesson-in-valais\/#primaryimage","url":"https:\/\/www.myskicoach.ch\/wp-content\/uploads\/2016\/09\/freeride_correction_video-300x225.jpg","contentUrl":"https:\/\/www.myskicoach.ch\/wp-content\/uploads\/2016\/09\/freeride_correction_video-300x225.jpg"},{"@type":"BreadcrumbList","@id":"https:\/\/www.myskicoach.ch\/en\/cours-de-ski-prive-private-ski-lesson-valais\/ski-coaching-video-private-ski-lesson-in-valais\/#breadcrumb","itemListElement":[{"@type":"ListItem","position":1,"name":"Accueil","item":"https:\/\/www.myskicoach.ch\/en\/"},{"@type":"ListItem","position":2,"name":"Private ski lessons in Valais","item":"https:\/\/www.myskicoach.ch\/en\/cours-de-ski-prive-private-ski-lesson-valais\/"},{"@type":"ListItem","position":3,"name":"Ski Coaching Video | Private ski lesson in Valais"}]},{"@type":"WebSite","@id":"https:\/\/www.myskicoach.ch\/en\/#website","url":"https:\/\/www.myskicoach.ch\/en\/","name":"MySkiCoach.ch \u00ae Valais Suisse | Ski &#038;#038;amp; Freeride coach | Cours avalanche","description":"","publisher":{"@id":"https:\/\/www.myskicoach.ch\/en\/#\/schema\/person\/4a773121b64991496410fcc47df57698"},"potentialAction":[{"@type":"SearchAction","target":{"@type":"EntryPoint","urlTemplate":"https:\/\/www.myskicoach.ch\/en\/?s={search_term_string}"},"query-input":{"@type":"PropertyValueSpecification","valueRequired":true,"valueName":"search_term_string"}}],"inLanguage":"en-US"},{"@type":["Person","Organization"],"@id":"https:\/\/www.myskicoach.ch\/en\/#\/schema\/person\/4a773121b64991496410fcc47df57698","name":"myskicoach","image":{"@type":"ImageObject","inLanguage":"en-US","@id":"https:\/\/www.myskicoach.ch\/wp-content\/uploads\/2017\/04\/MySkiCoach.ch\u00ae-SkiFreeride.jpg","url":"https:\/\/www.myskicoach.ch\/wp-content\/uploads\/2017\/04\/MySkiCoach.ch\u00ae-SkiFreeride.jpg","contentUrl":"https:\/\/www.myskicoach.ch\/wp-content\/uploads\/2017\/04\/MySkiCoach.ch\u00ae-SkiFreeride.jpg","width":1500,"height":360,"caption":"myskicoach"},"logo":{"@id":"https:\/\/www.myskicoach.ch\/wp-content\/uploads\/2017\/04\/MySkiCoach.ch\u00ae-SkiFreeride.jpg"}}]}},"_links":{"self":[{"href":"https:\/\/www.myskicoach.ch\/en\/wp-json\/wp\/v2\/pages\/1866","targetHints":{"allow":["GET"]}}],"collection":[{"href":"https:\/\/www.myskicoach.ch\/en\/wp-json\/wp\/v2\/pages"}],"about":[{"href":"https:\/\/www.myskicoach.ch\/en\/wp-json\/wp\/v2\/types\/page"}],"author":[{"embeddable":true,"href":"https:\/\/www.myskicoach.ch\/en\/wp-json\/wp\/v2\/users\/1"}],"replies":[{"embeddable":true,"href":"https:\/\/www.myskicoach.ch\/en\/wp-json\/wp\/v2\/comments?post=1866"}],"version-history":[{"count":5,"href":"https:\/\/www.myskicoach.ch\/en\/wp-json\/wp\/v2\/pages\/1866\/revisions"}],"predecessor-version":[{"id":4082,"href":"https:\/\/www.myskicoach.ch\/en\/wp-json\/wp\/v2\/pages\/1866\/revisions\/4082"}],"up":[{"embeddable":true,"href":"https:\/\/www.myskicoach.ch\/en\/wp-json\/wp\/v2\/pages\/1863"}],"wp:attachment":[{"href":"https:\/\/www.myskicoach.ch\/en\/wp-json\/wp\/v2\/media?parent=1866"}],"curies":[{"name":"wp","href":"https:\/\/api.w.org\/{rel}","templated":true}]}}