{"id":1863,"date":"2017-08-18T20:22:58","date_gmt":"2017-08-18T18:22:58","guid":{"rendered":"https:\/\/www.myskicoach.ch\/cours-de-ski-prive-private-ski-lesson-valais\/"},"modified":"2019-08-21T20:03:48","modified_gmt":"2019-08-21T18:03:48","slug":"cours-de-ski-prive-private-ski-lesson-valais","status":"publish","type":"page","link":"https:\/\/www.myskicoach.ch\/en\/cours-de-ski-prive-private-ski-lesson-valais\/","title":{"rendered":"Private ski lessons in Valais"},"content":{"rendered":"<p><img loading=\"lazy\" decoding=\"async\" class=\"size-medium wp-image-1867\" src=\"https:\/\/www.myskicoach.ch\/wp-content\/uploads\/2016\/09\/freeride_correction_video-300x225.jpg\" alt=\"Private ski lessons in Valais\" width=\"300\" height=\"225\" srcset=\"https:\/\/www.myskicoach.ch\/wp-content\/uploads\/2016\/09\/freeride_correction_video-300x225.jpg 300w, https:\/\/www.myskicoach.ch\/wp-content\/uploads\/2016\/09\/freeride_correction_video-600x450.jpg 600w, https:\/\/www.myskicoach.ch\/wp-content\/uploads\/2016\/09\/freeride_correction_video-768x576.jpg 768w, https:\/\/www.myskicoach.ch\/wp-content\/uploads\/2016\/09\/freeride_correction_video.jpg 800w\" sizes=\"auto, (max-width: 300px) 100vw, 300px\" \/><\/p>\n<h2>Private ski lessons in Valais<\/h2>\n<h2>Hire a swiss ski insructor to discover the off-piste in the resort of your choice and learn how to behave to maximize safety. Your next off-piste descents are pure fun !<\/h2>\n<pre><div class=\"toggle_holder\"><h3 class=\"slide_toggle\"><a href=\"#\">Ski carving<\/a><\/h3>\n\t\t\t\t\t<div class=\"slide_toggle_content\"><p>You are a good skier, but you have the feeling of not improving, or not to feel the ski carving sensations. Thanks to individual coaching, learn simple tips to get the very substance of your material.<br \/>\n<a href=\"https:\/\/www.myskicoach.ch\/en\/cours-de-ski-prive-private-ski-lesson-valais\/cours-prive-de-ski-carving-en-valais\/\" target=\"_blank\" rel=\"noopener noreferrer\" data-wplink-edit=\"true\"><strong>Ski carving coaching<\/strong> with a Swiss Ski Instructor<\/a><\/p>\n<\/div><\/div>\n<div class=\"toggle_holder\"><h3 class=\"slide_toggle\"><a href=\"#\">Coaching vid\u00e9o<\/a><\/h3>\n\t\t\t\t\t<div class=\"slide_toggle_content\"><p>You want to progress on piste or off-piste. Nothing like our video coaching and instant feedback on screen to get there. The use of video and playback on tablets using specialized software gives a new dimension to the ski instruction by appealing to all the senses.<br \/>\n<a href=\"https:\/\/www.myskicoach.ch\/en\/cours-de-ski-prive-private-ski-lesson-valais\/ski-coaching-video-valais\/\" target=\"_blank\" rel=\"noopener noreferrer\" data-wplink-edit=\"true\">No more exercises withoud ending.<strong> We give priority to learning by doing.  <\/strong> <\/a><\/p>\n<\/div><\/div>\n<\/pre>\n","protected":false},"excerpt":{"rendered":"<p>Private ski lessons in Valais Hire a swiss ski insructor to discover the off-piste in the resort of your choice and learn how to behave to maximize safety. Your next&#8230; <\/p>\n","protected":false},"author":1,"featured_media":0,"parent":0,"menu_order":0,"comment_status":"closed","ping_status":"closed","template":"custom-page-primary.php","meta":{"_price":"","_stock":"","_tribe_ticket_header":"","_tribe_default_ticket_provider":"","_tribe_ticket_capacity":"0","_ticket_start_date":"","_ticket_end_date":"","_tribe_ticket_show_description":"","_tribe_ticket_show_not_going":false,"_tribe_ticket_use_global_stock":"","_tribe_ticket_global_stock_level":"","_global_stock_mode":"","_global_stock_cap":"","_tribe_rsvp_for_event":"","_tribe_ticket_going_count":"","_tribe_ticket_not_going_count":"","_tribe_tickets_list":"[]","_tribe_ticket_has_attendee_info_fields":false,"footnotes":""},"class_list":["post-1863","page","type-page","status-publish","hentry"],"yoast_head":"<!-- This site is optimized with the Yoast SEO plugin v27.2 - https:\/\/yoast.com\/product\/yoast-seo-wordpress\/ -->\n<title>Private ski lessons in Valais - MySkiCoach.ch \u00ae Valais Suisse | Ski &#038;#038;amp; Freeride coach | Cours avalanche<\/title>\n<meta name=\"description\" content=\"Donnez vous les moyens de progesser. Engagez un professeur de sports de neige dipl\u00f4m\u00e9 pour un cours de ski priv\u00e9 dans une station du Valais.\" \/>\n<meta name=\"robots\" content=\"index, follow, max-snippet:-1, max-image-preview:large, max-video-preview:-1\" \/>\n<link rel=\"canonical\" href=\"https:\/\/www.myskicoach.ch\/en\/cours-de-ski-prive-private-ski-lesson-valais\/\" \/>\n<meta property=\"og:locale\" content=\"en_US\" \/>\n<meta property=\"og:type\" content=\"article\" \/>\n<meta property=\"og:title\" content=\"Private ski lessons in Valais - MySkiCoach.ch \u00ae Valais Suisse | Ski &#038;#038;amp; Freeride coach | Cours avalanche\" \/>\n<meta property=\"og:description\" content=\"Donnez vous les moyens de progesser. Engagez un professeur de sports de neige dipl\u00f4m\u00e9 pour un cours de ski priv\u00e9 dans une station du Valais.\" \/>\n<meta property=\"og:url\" content=\"https:\/\/www.myskicoach.ch\/en\/cours-de-ski-prive-private-ski-lesson-valais\/\" \/>\n<meta property=\"og:site_name\" content=\"MySkiCoach.ch \u00ae Valais Suisse | Ski &#038;#038;amp; Freeride coach | Cours avalanche\" \/>\n<meta property=\"article:modified_time\" content=\"2019-08-21T18:03:48+00:00\" \/>\n<meta property=\"og:image\" content=\"https:\/\/www.myskicoach.ch\/wp-content\/uploads\/2016\/09\/freeride_correction_video-300x225.jpg\" \/>\n<meta name=\"twitter:card\" content=\"summary_large_image\" \/>\n<meta name=\"twitter:label1\" content=\"Est. reading time\" \/>\n\t<meta name=\"twitter:data1\" content=\"1 minute\" \/>\n<script type=\"application\/ld+json\" class=\"yoast-schema-graph\">{\"@context\":\"https:\/\/schema.org\",\"@graph\":[{\"@type\":\"WebPage\",\"@id\":\"https:\/\/www.myskicoach.ch\/en\/cours-de-ski-prive-private-ski-lesson-valais\/\",\"url\":\"https:\/\/www.myskicoach.ch\/en\/cours-de-ski-prive-private-ski-lesson-valais\/\",\"name\":\"Private ski lessons in Valais - MySkiCoach.ch \u00ae Valais Suisse | Ski &#038;#038;amp; Freeride coach | Cours avalanche\",\"isPartOf\":{\"@id\":\"https:\/\/www.myskicoach.ch\/en\/#website\"},\"primaryImageOfPage\":{\"@id\":\"https:\/\/www.myskicoach.ch\/en\/cours-de-ski-prive-private-ski-lesson-valais\/#primaryimage\"},\"image\":{\"@id\":\"https:\/\/www.myskicoach.ch\/en\/cours-de-ski-prive-private-ski-lesson-valais\/#primaryimage\"},\"thumbnailUrl\":\"https:\/\/www.myskicoach.ch\/wp-content\/uploads\/2016\/09\/freeride_correction_video-300x225.jpg\",\"datePublished\":\"2017-08-18T18:22:58+00:00\",\"dateModified\":\"2019-08-21T18:03:48+00:00\",\"description\":\"Donnez vous les moyens de progesser. Engagez un professeur de sports de neige dipl\u00f4m\u00e9 pour un cours de ski priv\u00e9 dans une station du Valais.\",\"breadcrumb\":{\"@id\":\"https:\/\/www.myskicoach.ch\/en\/cours-de-ski-prive-private-ski-lesson-valais\/#breadcrumb\"},\"inLanguage\":\"en-US\",\"potentialAction\":[{\"@type\":\"ReadAction\",\"target\":[\"https:\/\/www.myskicoach.ch\/en\/cours-de-ski-prive-private-ski-lesson-valais\/\"]}]},{\"@type\":\"ImageObject\",\"inLanguage\":\"en-US\",\"@id\":\"https:\/\/www.myskicoach.ch\/en\/cours-de-ski-prive-private-ski-lesson-valais\/#primaryimage\",\"url\":\"https:\/\/www.myskicoach.ch\/wp-content\/uploads\/2016\/09\/freeride_correction_video-300x225.jpg\",\"contentUrl\":\"https:\/\/www.myskicoach.ch\/wp-content\/uploads\/2016\/09\/freeride_correction_video-300x225.jpg\"},{\"@type\":\"BreadcrumbList\",\"@id\":\"https:\/\/www.myskicoach.ch\/en\/cours-de-ski-prive-private-ski-lesson-valais\/#breadcrumb\",\"itemListElement\":[{\"@type\":\"ListItem\",\"position\":1,\"name\":\"Accueil\",\"item\":\"https:\/\/www.myskicoach.ch\/en\/\"},{\"@type\":\"ListItem\",\"position\":2,\"name\":\"Private ski lessons in Valais\"}]},{\"@type\":\"WebSite\",\"@id\":\"https:\/\/www.myskicoach.ch\/en\/#website\",\"url\":\"https:\/\/www.myskicoach.ch\/en\/\",\"name\":\"MySkiCoach.ch \u00ae Valais Suisse | Ski &#038;#038;amp; Freeride coach | Cours avalanche\",\"description\":\"\",\"publisher\":{\"@id\":\"https:\/\/www.myskicoach.ch\/en\/#\/schema\/person\/4a773121b64991496410fcc47df57698\"},\"potentialAction\":[{\"@type\":\"SearchAction\",\"target\":{\"@type\":\"EntryPoint\",\"urlTemplate\":\"https:\/\/www.myskicoach.ch\/en\/?s={search_term_string}\"},\"query-input\":{\"@type\":\"PropertyValueSpecification\",\"valueRequired\":true,\"valueName\":\"search_term_string\"}}],\"inLanguage\":\"en-US\"},{\"@type\":[\"Person\",\"Organization\"],\"@id\":\"https:\/\/www.myskicoach.ch\/en\/#\/schema\/person\/4a773121b64991496410fcc47df57698\",\"name\":\"myskicoach\",\"image\":{\"@type\":\"ImageObject\",\"inLanguage\":\"en-US\",\"@id\":\"https:\/\/www.myskicoach.ch\/wp-content\/uploads\/2017\/04\/MySkiCoach.ch\u00ae-SkiFreeride.jpg\",\"url\":\"https:\/\/www.myskicoach.ch\/wp-content\/uploads\/2017\/04\/MySkiCoach.ch\u00ae-SkiFreeride.jpg\",\"contentUrl\":\"https:\/\/www.myskicoach.ch\/wp-content\/uploads\/2017\/04\/MySkiCoach.ch\u00ae-SkiFreeride.jpg\",\"width\":1500,\"height\":360,\"caption\":\"myskicoach\"},\"logo\":{\"@id\":\"https:\/\/www.myskicoach.ch\/wp-content\/uploads\/2017\/04\/MySkiCoach.ch\u00ae-SkiFreeride.jpg\"}}]}<\/script>\n<!-- \/ Yoast SEO plugin. -->","yoast_head_json":{"title":"Private ski lessons in Valais - MySkiCoach.ch \u00ae Valais Suisse | Ski &#038;#038;amp; Freeride coach | Cours avalanche","description":"Donnez vous les moyens de progesser. Engagez un professeur de sports de neige dipl\u00f4m\u00e9 pour un cours de ski priv\u00e9 dans une station du Valais.","robots":{"index":"index","follow":"follow","max-snippet":"max-snippet:-1","max-image-preview":"max-image-preview:large","max-video-preview":"max-video-preview:-1"},"canonical":"https:\/\/www.myskicoach.ch\/en\/cours-de-ski-prive-private-ski-lesson-valais\/","og_locale":"en_US","og_type":"article","og_title":"Private ski lessons in Valais - MySkiCoach.ch \u00ae Valais Suisse | Ski &#038;#038;amp; Freeride coach | Cours avalanche","og_description":"Donnez vous les moyens de progesser. Engagez un professeur de sports de neige dipl\u00f4m\u00e9 pour un cours de ski priv\u00e9 dans une station du Valais.","og_url":"https:\/\/www.myskicoach.ch\/en\/cours-de-ski-prive-private-ski-lesson-valais\/","og_site_name":"MySkiCoach.ch \u00ae Valais Suisse | Ski &#038;#038;amp; Freeride coach | Cours avalanche","article_modified_time":"2019-08-21T18:03:48+00:00","og_image":[{"url":"https:\/\/www.myskicoach.ch\/wp-content\/uploads\/2016\/09\/freeride_correction_video-300x225.jpg","type":"","width":"","height":""}],"twitter_card":"summary_large_image","twitter_misc":{"Est. reading time":"1 minute"},"schema":{"@context":"https:\/\/schema.org","@graph":[{"@type":"WebPage","@id":"https:\/\/www.myskicoach.ch\/en\/cours-de-ski-prive-private-ski-lesson-valais\/","url":"https:\/\/www.myskicoach.ch\/en\/cours-de-ski-prive-private-ski-lesson-valais\/","name":"Private ski lessons in Valais - MySkiCoach.ch \u00ae Valais Suisse | Ski &#038;#038;amp; Freeride coach | Cours avalanche","isPartOf":{"@id":"https:\/\/www.myskicoach.ch\/en\/#website"},"primaryImageOfPage":{"@id":"https:\/\/www.myskicoach.ch\/en\/cours-de-ski-prive-private-ski-lesson-valais\/#primaryimage"},"image":{"@id":"https:\/\/www.myskicoach.ch\/en\/cours-de-ski-prive-private-ski-lesson-valais\/#primaryimage"},"thumbnailUrl":"https:\/\/www.myskicoach.ch\/wp-content\/uploads\/2016\/09\/freeride_correction_video-300x225.jpg","datePublished":"2017-08-18T18:22:58+00:00","dateModified":"2019-08-21T18:03:48+00:00","description":"Donnez vous les moyens de progesser. Engagez un professeur de sports de neige dipl\u00f4m\u00e9 pour un cours de ski priv\u00e9 dans une station du Valais.","breadcrumb":{"@id":"https:\/\/www.myskicoach.ch\/en\/cours-de-ski-prive-private-ski-lesson-valais\/#breadcrumb"},"inLanguage":"en-US","potentialAction":[{"@type":"ReadAction","target":["https:\/\/www.myskicoach.ch\/en\/cours-de-ski-prive-private-ski-lesson-valais\/"]}]},{"@type":"ImageObject","inLanguage":"en-US","@id":"https:\/\/www.myskicoach.ch\/en\/cours-de-ski-prive-private-ski-lesson-valais\/#primaryimage","url":"https:\/\/www.myskicoach.ch\/wp-content\/uploads\/2016\/09\/freeride_correction_video-300x225.jpg","contentUrl":"https:\/\/www.myskicoach.ch\/wp-content\/uploads\/2016\/09\/freeride_correction_video-300x225.jpg"},{"@type":"BreadcrumbList","@id":"https:\/\/www.myskicoach.ch\/en\/cours-de-ski-prive-private-ski-lesson-valais\/#breadcrumb","itemListElement":[{"@type":"ListItem","position":1,"name":"Accueil","item":"https:\/\/www.myskicoach.ch\/en\/"},{"@type":"ListItem","position":2,"name":"Private ski lessons in Valais"}]},{"@type":"WebSite","@id":"https:\/\/www.myskicoach.ch\/en\/#website","url":"https:\/\/www.myskicoach.ch\/en\/","name":"MySkiCoach.ch \u00ae Valais Suisse | Ski &#038;#038;amp; Freeride coach | Cours avalanche","description":"","publisher":{"@id":"https:\/\/www.myskicoach.ch\/en\/#\/schema\/person\/4a773121b64991496410fcc47df57698"},"potentialAction":[{"@type":"SearchAction","target":{"@type":"EntryPoint","urlTemplate":"https:\/\/www.myskicoach.ch\/en\/?s={search_term_string}"},"query-input":{"@type":"PropertyValueSpecification","valueRequired":true,"valueName":"search_term_string"}}],"inLanguage":"en-US"},{"@type":["Person","Organization"],"@id":"https:\/\/www.myskicoach.ch\/en\/#\/schema\/person\/4a773121b64991496410fcc47df57698","name":"myskicoach","image":{"@type":"ImageObject","inLanguage":"en-US","@id":"https:\/\/www.myskicoach.ch\/wp-content\/uploads\/2017\/04\/MySkiCoach.ch\u00ae-SkiFreeride.jpg","url":"https:\/\/www.myskicoach.ch\/wp-content\/uploads\/2017\/04\/MySkiCoach.ch\u00ae-SkiFreeride.jpg","contentUrl":"https:\/\/www.myskicoach.ch\/wp-content\/uploads\/2017\/04\/MySkiCoach.ch\u00ae-SkiFreeride.jpg","width":1500,"height":360,"caption":"myskicoach"},"logo":{"@id":"https:\/\/www.myskicoach.ch\/wp-content\/uploads\/2017\/04\/MySkiCoach.ch\u00ae-SkiFreeride.jpg"}}]}},"_links":{"self":[{"href":"https:\/\/www.myskicoach.ch\/en\/wp-json\/wp\/v2\/pages\/1863","targetHints":{"allow":["GET"]}}],"collection":[{"href":"https:\/\/www.myskicoach.ch\/en\/wp-json\/wp\/v2\/pages"}],"about":[{"href":"https:\/\/www.myskicoach.ch\/en\/wp-json\/wp\/v2\/types\/page"}],"author":[{"embeddable":true,"href":"https:\/\/www.myskicoach.ch\/en\/wp-json\/wp\/v2\/users\/1"}],"replies":[{"embeddable":true,"href":"https:\/\/www.myskicoach.ch\/en\/wp-json\/wp\/v2\/comments?post=1863"}],"version-history":[{"count":5,"href":"https:\/\/www.myskicoach.ch\/en\/wp-json\/wp\/v2\/pages\/1863\/revisions"}],"predecessor-version":[{"id":3263,"href":"https:\/\/www.myskicoach.ch\/en\/wp-json\/wp\/v2\/pages\/1863\/revisions\/3263"}],"wp:attachment":[{"href":"https:\/\/www.myskicoach.ch\/en\/wp-json\/wp\/v2\/media?parent=1863"}],"curies":[{"name":"wp","href":"https:\/\/api.w.org\/{rel}","templated":true}]}}